{"id":6347,"date":"2022-03-02T14:25:50","date_gmt":"2022-03-02T14:25:50","guid":{"rendered":"https:\/\/www.mercadodamadeira.pt\/ral-e-rll\/"},"modified":"2022-07-23T08:09:38","modified_gmt":"2022-07-23T08:09:38","slug":"ral-e-rll","status":"publish","type":"page","link":"https:\/\/www.mercadodamadeira.pt\/en\/ral-e-rll\/","title":{"rendered":"RAL e RLL"},"content":{"rendered":"\t\t<div data-elementor-type=\"wp-post\" data-elementor-id=\"6347\" class=\"elementor elementor-6347 elementor-1382\" data-elementor-post-type=\"page\">\n\t\t\t\t\t\t<section class=\"elementor-section elementor-top-section elementor-element elementor-element-aa64374 elementor-section-boxed elementor-section-height-default elementor-section-height-default\" data-id=\"aa64374\" data-element_type=\"section\" data-e-type=\"section\">\n\t\t\t\t\t\t<div class=\"elementor-container elementor-column-gap-default\">\n\t\t\t\t\t<div class=\"elementor-column elementor-col-50 elementor-top-column elementor-element elementor-element-6604e8b\" data-id=\"6604e8b\" data-element_type=\"column\" data-e-type=\"column\">\n\t\t\t<div class=\"elementor-column-wrap--6604e8b elementor-widget-wrap elementor-element-populated\">\n\t\t\t\t\t\t<div class=\"elementor-element elementor-element-b58d04f elementor-widget elementor-widget-text-editor\" data-id=\"b58d04f\" data-element_type=\"widget\" data-e-type=\"widget\" data-widget_type=\"text-editor.default\">\n\t\t\t\t\t\t\t\t\t<p><b>RAL (ADL &#8211; Alternative Dispute Resolution)<\/b><\/p><div>RAL (ADL &#8211; Alternative Dispute Resolution) In the event of a dispute, the consumer can appeal to an entity for Alternative Resolution of Consumer Disputes (ARCD) \/ Resolu\u00e7\u00e3o Alternativa de Lit\u00edgios de Consumo (RAL). The entities for Alternative Resolution of Consumer Disputes (ADR) are the entities duly authorised to carry out mediation, setttlement and arbitration of consumer disputes in Portugal that are registered on the list of RAL entities established by Law no. 144\/2015. &#8211; Click on www.ipai.pt\/fotos\/gca\/i006245_1459446712.pdf<\/div><div> <\/div><p>In the specific case, and as far as Angonmad Sociedade Unipessoal Lda is concerned, the competent consumer dispute resolution entity is CNIACC \u2013 Centro Nacional de Informa\u00e7\u00e3o e Arbitragem de Conflitos de Consumo, address Rua D. Afonso Henriques, 1 4700-030 Braga, e-mail geral@cniacc.pt<\/p><p> <\/p>\t\t\t\t\t\t\t\t<\/div>\n\t\t\t\t\t<\/div>\n\t\t<\/div>\n\t\t\t\t<div class=\"elementor-column elementor-col-50 elementor-top-column elementor-element elementor-element-a0e1073\" data-id=\"a0e1073\" data-element_type=\"column\" data-e-type=\"column\">\n\t\t\t<div class=\"elementor-column-wrap--a0e1073 elementor-widget-wrap elementor-element-populated\">\n\t\t\t\t\t\t<div class=\"elementor-element elementor-element-53075b1 elementor-widget elementor-widget-text-editor\" data-id=\"53075b1\" data-element_type=\"widget\" data-e-type=\"widget\" data-widget_type=\"text-editor.default\">\n\t\t\t\t\t\t\t\t\t<p><b>ODR<\/b><br>Consumers can appeal to the European Online Dispute Resolution platform available at ec.europa.eu\/consumers\/odr\/main\/index.cfm?event=main.home2.show&amp;lng=EN<\/p>\t\t\t\t\t\t\t\t<\/div>\n\t\t\t\t\t<\/div>\n\t\t<\/div>\n\t\t\t\t\t<\/div>\n\t\t<\/section>\n\t\t\t\t<\/div>\n\t\t","protected":false},"excerpt":{"rendered":"<p>RAL (ADL &#8211; Alternative Dispute Resolution) RAL (ADL &#8211; Alternative Dispute Resolution) In the event of a dispute, the consumer can appeal to an entity for Alternative Resolution of Consumer Disputes (ARCD) \/ Resolu\u00e7\u00e3o Alternativa de Lit\u00edgios de Consumo (RAL). The entities for Alternative Resolution of Consumer Disputes (ADR) are the entities duly authorised to [&hellip;]<\/p>\n","protected":false},"author":1,"featured_media":0,"parent":0,"menu_order":0,"comment_status":"closed","ping_status":"closed","template":"","meta":{"_acf_changed":false,"footnotes":""},"class_list":["post-6347","page","type-page","status-publish","hentry"],"acf":[],"yoast_head":"<!-- This site is optimized with the Yoast SEO Premium plugin v26.2 (Yoast SEO v27.1.1) - https:\/\/yoast.com\/product\/yoast-seo-premium-wordpress\/ -->\n<title>Mercado da Madeira- We value wood - Online Store - Capital do M\u00f3vel<\/title>\n<meta name=\"description\" content=\"The concept of nature is present in the Madeira Market. We resorted to traditional methods of carpentry and furniture fabric.\" \/>\n<meta name=\"robots\" content=\"index, follow, max-snippet:-1, max-image-preview:large, max-video-preview:-1\" \/>\n<link rel=\"canonical\" href=\"https:\/\/www.mercadodamadeira.pt\/en\/ral-e-rll\/\" \/>\n<meta property=\"og:locale\" content=\"en_US\" \/>\n<meta property=\"og:type\" content=\"article\" \/>\n<meta property=\"og:title\" content=\"Mercado da Madeira - Valorizamos a Madeira - Loja Online - Capital do M\u00f3vel\" \/>\n<meta property=\"og:description\" content=\"O conceito da natureza est\u00e1 presente no Mercado da Madeira. Recorremos a m\u00e9todos tradicionais de carpintaria e fabrico de m\u00f3veis.\" \/>\n<meta property=\"og:url\" content=\"https:\/\/www.mercadodamadeira.pt\/en\/ral-e-rll\/\" \/>\n<meta property=\"og:site_name\" content=\"Mercado da Madeira\" \/>\n<meta property=\"article:publisher\" content=\"https:\/\/www.facebook.com\/mercadodamadeira\/\" \/>\n<meta property=\"article:modified_time\" content=\"2022-07-23T08:09:38+00:00\" \/>\n<meta property=\"og:image\" content=\"https:\/\/www.mercadodamadeira.pt\/wp-content\/uploads\/2022\/03\/3.jpg\" \/>\n\t<meta property=\"og:image:width\" content=\"2400\" \/>\n\t<meta property=\"og:image:height\" content=\"1088\" \/>\n\t<meta property=\"og:image:type\" content=\"image\/jpeg\" \/>\n<meta name=\"twitter:card\" content=\"summary_large_image\" \/>\n<meta name=\"twitter:label1\" content=\"Est. reading time\" \/>\n\t<meta name=\"twitter:data1\" content=\"1 minute\" \/>\n<script type=\"application\/ld+json\" class=\"yoast-schema-graph\">{\"@context\":\"https:\/\/schema.org\",\"@graph\":[{\"@type\":\"WebPage\",\"@id\":\"https:\/\/www.mercadodamadeira.pt\/en\/ral-e-rll\/\",\"url\":\"https:\/\/www.mercadodamadeira.pt\/en\/ral-e-rll\/\",\"name\":\"Mercado da Madeira- We value wood - Online Store - Capital do M\u00f3vel\",\"isPartOf\":{\"@id\":\"https:\/\/www.mercadodamadeira.pt\/en\/#website\"},\"datePublished\":\"2022-03-02T14:25:50+00:00\",\"dateModified\":\"2022-07-23T08:09:38+00:00\",\"description\":\"The concept of nature is present in the Madeira Market. We resorted to traditional methods of carpentry and furniture fabric.\",\"breadcrumb\":{\"@id\":\"https:\/\/www.mercadodamadeira.pt\/en\/ral-e-rll\/#breadcrumb\"},\"inLanguage\":\"en-US\",\"potentialAction\":[{\"@type\":\"ReadAction\",\"target\":[\"https:\/\/www.mercadodamadeira.pt\/en\/ral-e-rll\/\"]}]},{\"@type\":\"BreadcrumbList\",\"@id\":\"https:\/\/www.mercadodamadeira.pt\/en\/ral-e-rll\/#breadcrumb\",\"itemListElement\":[{\"@type\":\"ListItem\",\"position\":1,\"name\":\"In\u00edcio\",\"item\":\"https:\/\/www.mercadodamadeira.pt\/en\/\"},{\"@type\":\"ListItem\",\"position\":2,\"name\":\"RAL e RLL\"}]},{\"@type\":\"WebSite\",\"@id\":\"https:\/\/www.mercadodamadeira.pt\/en\/#website\",\"url\":\"https:\/\/www.mercadodamadeira.pt\/en\/\",\"name\":\"Mercado da Madeira\",\"description\":\"Valorizamos a Madeira\",\"publisher\":{\"@id\":\"https:\/\/www.mercadodamadeira.pt\/en\/#organization\"},\"potentialAction\":[{\"@type\":\"SearchAction\",\"target\":{\"@type\":\"EntryPoint\",\"urlTemplate\":\"https:\/\/www.mercadodamadeira.pt\/en\/?s={search_term_string}\"},\"query-input\":{\"@type\":\"PropertyValueSpecification\",\"valueRequired\":true,\"valueName\":\"search_term_string\"}}],\"inLanguage\":\"en-US\"},{\"@type\":\"Organization\",\"@id\":\"https:\/\/www.mercadodamadeira.pt\/en\/#organization\",\"name\":\"Mercado da Madeira - Valorizamos a Madeira - Loja Online - Capital do M\u00f3vel\",\"url\":\"https:\/\/www.mercadodamadeira.pt\/en\/\",\"logo\":{\"@type\":\"ImageObject\",\"inLanguage\":\"en-US\",\"@id\":\"https:\/\/www.mercadodamadeira.pt\/en\/#\/schema\/logo\/image\/\",\"url\":\"https:\/\/www.mercadodamadeira.pt\/wp-content\/uploads\/2022\/01\/logomm_white.png\",\"contentUrl\":\"https:\/\/www.mercadodamadeira.pt\/wp-content\/uploads\/2022\/01\/logomm_white.png\",\"width\":2253,\"height\":750,\"caption\":\"Mercado da Madeira - Valorizamos a Madeira - Loja Online - Capital do M\u00f3vel\"},\"image\":{\"@id\":\"https:\/\/www.mercadodamadeira.pt\/en\/#\/schema\/logo\/image\/\"},\"sameAs\":[\"https:\/\/www.facebook.com\/mercadodamadeira\/\",\"https:\/\/www.instagram.com\/mercadodamadeira.pt\/\",\"https:\/\/www.linkedin.com\/company\/mercado-da-madeira\/\",\"https:\/\/www.pinterest.pt\/mercadodamadeira\/\"]}]}<\/script>\n<!-- \/ Yoast SEO Premium plugin. -->","yoast_head_json":{"title":"Mercado da Madeira- We value wood - Online Store - Capital do M\u00f3vel","description":"The concept of nature is present in the Madeira Market. We resorted to traditional methods of carpentry and furniture fabric.","robots":{"index":"index","follow":"follow","max-snippet":"max-snippet:-1","max-image-preview":"max-image-preview:large","max-video-preview":"max-video-preview:-1"},"canonical":"https:\/\/www.mercadodamadeira.pt\/en\/ral-e-rll\/","og_locale":"en_US","og_type":"article","og_title":"Mercado da Madeira - Valorizamos a Madeira - Loja Online - Capital do M\u00f3vel","og_description":"O conceito da natureza est\u00e1 presente no Mercado da Madeira. Recorremos a m\u00e9todos tradicionais de carpintaria e fabrico de m\u00f3veis.","og_url":"https:\/\/www.mercadodamadeira.pt\/en\/ral-e-rll\/","og_site_name":"Mercado da Madeira","article_publisher":"https:\/\/www.facebook.com\/mercadodamadeira\/","article_modified_time":"2022-07-23T08:09:38+00:00","og_image":[{"width":2400,"height":1088,"url":"https:\/\/www.mercadodamadeira.pt\/wp-content\/uploads\/2022\/03\/3.jpg","type":"image\/jpeg"}],"twitter_card":"summary_large_image","twitter_misc":{"Est. reading time":"1 minute"},"schema":{"@context":"https:\/\/schema.org","@graph":[{"@type":"WebPage","@id":"https:\/\/www.mercadodamadeira.pt\/en\/ral-e-rll\/","url":"https:\/\/www.mercadodamadeira.pt\/en\/ral-e-rll\/","name":"Mercado da Madeira- We value wood - Online Store - Capital do M\u00f3vel","isPartOf":{"@id":"https:\/\/www.mercadodamadeira.pt\/en\/#website"},"datePublished":"2022-03-02T14:25:50+00:00","dateModified":"2022-07-23T08:09:38+00:00","description":"The concept of nature is present in the Madeira Market. We resorted to traditional methods of carpentry and furniture fabric.","breadcrumb":{"@id":"https:\/\/www.mercadodamadeira.pt\/en\/ral-e-rll\/#breadcrumb"},"inLanguage":"en-US","potentialAction":[{"@type":"ReadAction","target":["https:\/\/www.mercadodamadeira.pt\/en\/ral-e-rll\/"]}]},{"@type":"BreadcrumbList","@id":"https:\/\/www.mercadodamadeira.pt\/en\/ral-e-rll\/#breadcrumb","itemListElement":[{"@type":"ListItem","position":1,"name":"In\u00edcio","item":"https:\/\/www.mercadodamadeira.pt\/en\/"},{"@type":"ListItem","position":2,"name":"RAL e RLL"}]},{"@type":"WebSite","@id":"https:\/\/www.mercadodamadeira.pt\/en\/#website","url":"https:\/\/www.mercadodamadeira.pt\/en\/","name":"Mercado da Madeira","description":"Valorizamos a Madeira","publisher":{"@id":"https:\/\/www.mercadodamadeira.pt\/en\/#organization"},"potentialAction":[{"@type":"SearchAction","target":{"@type":"EntryPoint","urlTemplate":"https:\/\/www.mercadodamadeira.pt\/en\/?s={search_term_string}"},"query-input":{"@type":"PropertyValueSpecification","valueRequired":true,"valueName":"search_term_string"}}],"inLanguage":"en-US"},{"@type":"Organization","@id":"https:\/\/www.mercadodamadeira.pt\/en\/#organization","name":"Mercado da Madeira - Valorizamos a Madeira - Loja Online - Capital do M\u00f3vel","url":"https:\/\/www.mercadodamadeira.pt\/en\/","logo":{"@type":"ImageObject","inLanguage":"en-US","@id":"https:\/\/www.mercadodamadeira.pt\/en\/#\/schema\/logo\/image\/","url":"https:\/\/www.mercadodamadeira.pt\/wp-content\/uploads\/2022\/01\/logomm_white.png","contentUrl":"https:\/\/www.mercadodamadeira.pt\/wp-content\/uploads\/2022\/01\/logomm_white.png","width":2253,"height":750,"caption":"Mercado da Madeira - Valorizamos a Madeira - Loja Online - Capital do M\u00f3vel"},"image":{"@id":"https:\/\/www.mercadodamadeira.pt\/en\/#\/schema\/logo\/image\/"},"sameAs":["https:\/\/www.facebook.com\/mercadodamadeira\/","https:\/\/www.instagram.com\/mercadodamadeira.pt\/","https:\/\/www.linkedin.com\/company\/mercado-da-madeira\/","https:\/\/www.pinterest.pt\/mercadodamadeira\/"]}]}},"_links":{"self":[{"href":"https:\/\/www.mercadodamadeira.pt\/en\/wp-json\/wp\/v2\/pages\/6347","targetHints":{"allow":["GET"]}}],"collection":[{"href":"https:\/\/www.mercadodamadeira.pt\/en\/wp-json\/wp\/v2\/pages"}],"about":[{"href":"https:\/\/www.mercadodamadeira.pt\/en\/wp-json\/wp\/v2\/types\/page"}],"author":[{"embeddable":true,"href":"https:\/\/www.mercadodamadeira.pt\/en\/wp-json\/wp\/v2\/users\/1"}],"replies":[{"embeddable":true,"href":"https:\/\/www.mercadodamadeira.pt\/en\/wp-json\/wp\/v2\/comments?post=6347"}],"version-history":[{"count":1,"href":"https:\/\/www.mercadodamadeira.pt\/en\/wp-json\/wp\/v2\/pages\/6347\/revisions"}],"predecessor-version":[{"id":6348,"href":"https:\/\/www.mercadodamadeira.pt\/en\/wp-json\/wp\/v2\/pages\/6347\/revisions\/6348"}],"wp:attachment":[{"href":"https:\/\/www.mercadodamadeira.pt\/en\/wp-json\/wp\/v2\/media?parent=6347"}],"curies":[{"name":"wp","href":"https:\/\/api.w.org\/{rel}","templated":true}]}}