{"id":6361,"date":"2022-04-01T14:02:01","date_gmt":"2022-04-01T14:02:01","guid":{"rendered":"https:\/\/www.mercadodamadeira.pt\/livro-de-reclamacao\/"},"modified":"2022-07-23T08:34:43","modified_gmt":"2022-07-23T08:34:43","slug":"livro-de-reclamacao","status":"publish","type":"page","link":"https:\/\/www.mercadodamadeira.pt\/en\/livro-de-reclamacao\/","title":{"rendered":"Complaints Book"},"content":{"rendered":"\t\t<div data-elementor-type=\"wp-post\" data-elementor-id=\"6361\" class=\"elementor elementor-6361 elementor-2877\" data-elementor-post-type=\"page\">\n\t\t\t\t\t\t<section class=\"elementor-section elementor-top-section elementor-element elementor-element-aa64374 elementor-section-boxed elementor-section-height-default elementor-section-height-default\" data-id=\"aa64374\" data-element_type=\"section\" data-e-type=\"section\">\n\t\t\t\t\t\t<div class=\"elementor-container elementor-column-gap-default\">\n\t\t\t\t\t<div class=\"elementor-column elementor-col-100 elementor-top-column elementor-element elementor-element-6604e8b\" data-id=\"6604e8b\" data-element_type=\"column\" data-e-type=\"column\">\n\t\t\t<div class=\"elementor-column-wrap--6604e8b elementor-widget-wrap elementor-element-populated\">\n\t\t\t\t\t\t<div class=\"elementor-element elementor-element-b58d04f elementor-widget elementor-widget-text-editor\" data-id=\"b58d04f\" data-element_type=\"widget\" data-e-type=\"widget\" data-widget_type=\"text-editor.default\">\n\t\t\t\t\t\t\t\t\t<div><div data-elementor-type=\"wp-page\" data-elementor-id=\"17479\" data-elementor-settings=\"[]\"><div><section data-id=\"65da999c\" data-element_type=\"section\"><div><div data-id=\"2778fa8b\" data-element_type=\"column\"><div><div data-id=\"4a43f377\" data-element_type=\"widget\" data-widget_type=\"text-editor.default\"><div><p>Our company has a complaints book available for its customers.<\/p><p>Should you have a complaint regarding an item that you\u2019ve bought or any other matter, then it deserves our best attention.<\/p><p>Please contact us first so that we have the chance to solve your problem.<\/p><\/div><\/div><\/div><\/div><\/div><p>\u00a0<\/p><div><div data-id=\"2778fa8b\" data-element_type=\"column\"><div><div data-id=\"4a43f377\" data-element_type=\"widget\" data-widget_type=\"text-editor.default\"><div><p>Please contact us:<\/p><ul><li>\u00a0Phone: +351 255 868 389<\/li><li>\u00a0e-Mail: geral@mercadodamadeira.pt<\/li><\/ul><p>Electronic Complaint Book<\/p><p>If you wish to proceed with your complaint, please use the Electronic Complaints Book<\/p><\/div><\/div><\/div><\/div><\/div><\/section><\/div><\/div><\/div>\t\t\t\t\t\t\t\t<\/div>\n\t\t\t\t\t<\/div>\n\t\t<\/div>\n\t\t\t\t\t<\/div>\n\t\t<\/section>\n\t\t\t\t<\/div>\n\t\t","protected":false},"excerpt":{"rendered":"<p>Our company has a complaints book available for its customers. Should you have a complaint regarding an item that you\u2019ve bought or any other matter, then it deserves our best attention. Please contact us first so that we have the chance to solve your problem. \u00a0 Please contact us: \u00a0Phone: +351 255 868 389 \u00a0e-Mail: [&hellip;]<\/p>\n","protected":false},"author":1,"featured_media":0,"parent":0,"menu_order":0,"comment_status":"closed","ping_status":"closed","template":"","meta":{"_acf_changed":false,"footnotes":""},"class_list":["post-6361","page","type-page","status-publish","hentry"],"acf":[],"yoast_head":"<!-- This site is optimized with the Yoast SEO Premium plugin v26.2 (Yoast SEO v27.1.1) - https:\/\/yoast.com\/product\/yoast-seo-premium-wordpress\/ -->\n<title>Mercado da Madeira- We value wood - Online Store - Capital do M\u00f3vel<\/title>\n<meta name=\"description\" content=\"The concept of nature is present in the Madeira Market. We resorted to traditional methods of carpentry and furniture fabric.\" \/>\n<meta name=\"robots\" content=\"index, follow, max-snippet:-1, max-image-preview:large, max-video-preview:-1\" \/>\n<link rel=\"canonical\" href=\"https:\/\/www.mercadodamadeira.pt\/en\/livro-de-reclamacao\/\" \/>\n<meta property=\"og:locale\" content=\"en_US\" \/>\n<meta property=\"og:type\" content=\"article\" \/>\n<meta property=\"og:title\" content=\"Mercado da Madeira - Valorizamos a Madeira - Loja Online - Capital do M\u00f3vel\" \/>\n<meta property=\"og:description\" content=\"O conceito da natureza est\u00e1 presente no Mercado da Madeira. Recorremos a m\u00e9todos tradicionais de carpintaria e fabrico de m\u00f3veis.\" \/>\n<meta property=\"og:url\" content=\"https:\/\/www.mercadodamadeira.pt\/en\/livro-de-reclamacao\/\" \/>\n<meta property=\"og:site_name\" content=\"Mercado da Madeira\" \/>\n<meta property=\"article:publisher\" content=\"https:\/\/www.facebook.com\/mercadodamadeira\/\" \/>\n<meta property=\"article:modified_time\" content=\"2022-07-23T08:34:43+00:00\" \/>\n<meta property=\"og:image\" content=\"https:\/\/www.mercadodamadeira.pt\/wp-content\/uploads\/2022\/03\/3.jpg\" \/>\n\t<meta property=\"og:image:width\" content=\"2400\" \/>\n\t<meta property=\"og:image:height\" content=\"1088\" \/>\n\t<meta property=\"og:image:type\" content=\"image\/jpeg\" \/>\n<meta name=\"twitter:card\" content=\"summary_large_image\" \/>\n<meta name=\"twitter:label1\" content=\"Est. reading time\" \/>\n\t<meta name=\"twitter:data1\" content=\"1 minute\" \/>\n<script type=\"application\/ld+json\" class=\"yoast-schema-graph\">{\"@context\":\"https:\/\/schema.org\",\"@graph\":[{\"@type\":\"WebPage\",\"@id\":\"https:\/\/www.mercadodamadeira.pt\/en\/livro-de-reclamacao\/\",\"url\":\"https:\/\/www.mercadodamadeira.pt\/en\/livro-de-reclamacao\/\",\"name\":\"Mercado da Madeira- We value wood - Online Store - Capital do M\u00f3vel\",\"isPartOf\":{\"@id\":\"https:\/\/www.mercadodamadeira.pt\/en\/#website\"},\"datePublished\":\"2022-04-01T14:02:01+00:00\",\"dateModified\":\"2022-07-23T08:34:43+00:00\",\"description\":\"The concept of nature is present in the Madeira Market. We resorted to traditional methods of carpentry and furniture fabric.\",\"breadcrumb\":{\"@id\":\"https:\/\/www.mercadodamadeira.pt\/en\/livro-de-reclamacao\/#breadcrumb\"},\"inLanguage\":\"en-US\",\"potentialAction\":[{\"@type\":\"ReadAction\",\"target\":[\"https:\/\/www.mercadodamadeira.pt\/en\/livro-de-reclamacao\/\"]}]},{\"@type\":\"BreadcrumbList\",\"@id\":\"https:\/\/www.mercadodamadeira.pt\/en\/livro-de-reclamacao\/#breadcrumb\",\"itemListElement\":[{\"@type\":\"ListItem\",\"position\":1,\"name\":\"In\u00edcio\",\"item\":\"https:\/\/www.mercadodamadeira.pt\/en\/\"},{\"@type\":\"ListItem\",\"position\":2,\"name\":\"Complaints Book\"}]},{\"@type\":\"WebSite\",\"@id\":\"https:\/\/www.mercadodamadeira.pt\/en\/#website\",\"url\":\"https:\/\/www.mercadodamadeira.pt\/en\/\",\"name\":\"Mercado da Madeira\",\"description\":\"Valorizamos a Madeira\",\"publisher\":{\"@id\":\"https:\/\/www.mercadodamadeira.pt\/en\/#organization\"},\"potentialAction\":[{\"@type\":\"SearchAction\",\"target\":{\"@type\":\"EntryPoint\",\"urlTemplate\":\"https:\/\/www.mercadodamadeira.pt\/en\/?s={search_term_string}\"},\"query-input\":{\"@type\":\"PropertyValueSpecification\",\"valueRequired\":true,\"valueName\":\"search_term_string\"}}],\"inLanguage\":\"en-US\"},{\"@type\":\"Organization\",\"@id\":\"https:\/\/www.mercadodamadeira.pt\/en\/#organization\",\"name\":\"Mercado da Madeira - Valorizamos a Madeira - Loja Online - Capital do M\u00f3vel\",\"url\":\"https:\/\/www.mercadodamadeira.pt\/en\/\",\"logo\":{\"@type\":\"ImageObject\",\"inLanguage\":\"en-US\",\"@id\":\"https:\/\/www.mercadodamadeira.pt\/en\/#\/schema\/logo\/image\/\",\"url\":\"https:\/\/www.mercadodamadeira.pt\/wp-content\/uploads\/2022\/01\/logomm_white.png\",\"contentUrl\":\"https:\/\/www.mercadodamadeira.pt\/wp-content\/uploads\/2022\/01\/logomm_white.png\",\"width\":2253,\"height\":750,\"caption\":\"Mercado da Madeira - Valorizamos a Madeira - Loja Online - Capital do M\u00f3vel\"},\"image\":{\"@id\":\"https:\/\/www.mercadodamadeira.pt\/en\/#\/schema\/logo\/image\/\"},\"sameAs\":[\"https:\/\/www.facebook.com\/mercadodamadeira\/\",\"https:\/\/www.instagram.com\/mercadodamadeira.pt\/\",\"https:\/\/www.linkedin.com\/company\/mercado-da-madeira\/\",\"https:\/\/www.pinterest.pt\/mercadodamadeira\/\"]}]}<\/script>\n<!-- \/ Yoast SEO Premium plugin. -->","yoast_head_json":{"title":"Mercado da Madeira- We value wood - Online Store - Capital do M\u00f3vel","description":"The concept of nature is present in the Madeira Market. We resorted to traditional methods of carpentry and furniture fabric.","robots":{"index":"index","follow":"follow","max-snippet":"max-snippet:-1","max-image-preview":"max-image-preview:large","max-video-preview":"max-video-preview:-1"},"canonical":"https:\/\/www.mercadodamadeira.pt\/en\/livro-de-reclamacao\/","og_locale":"en_US","og_type":"article","og_title":"Mercado da Madeira - Valorizamos a Madeira - Loja Online - Capital do M\u00f3vel","og_description":"O conceito da natureza est\u00e1 presente no Mercado da Madeira. Recorremos a m\u00e9todos tradicionais de carpintaria e fabrico de m\u00f3veis.","og_url":"https:\/\/www.mercadodamadeira.pt\/en\/livro-de-reclamacao\/","og_site_name":"Mercado da Madeira","article_publisher":"https:\/\/www.facebook.com\/mercadodamadeira\/","article_modified_time":"2022-07-23T08:34:43+00:00","og_image":[{"width":2400,"height":1088,"url":"https:\/\/www.mercadodamadeira.pt\/wp-content\/uploads\/2022\/03\/3.jpg","type":"image\/jpeg"}],"twitter_card":"summary_large_image","twitter_misc":{"Est. reading time":"1 minute"},"schema":{"@context":"https:\/\/schema.org","@graph":[{"@type":"WebPage","@id":"https:\/\/www.mercadodamadeira.pt\/en\/livro-de-reclamacao\/","url":"https:\/\/www.mercadodamadeira.pt\/en\/livro-de-reclamacao\/","name":"Mercado da Madeira- We value wood - Online Store - Capital do M\u00f3vel","isPartOf":{"@id":"https:\/\/www.mercadodamadeira.pt\/en\/#website"},"datePublished":"2022-04-01T14:02:01+00:00","dateModified":"2022-07-23T08:34:43+00:00","description":"The concept of nature is present in the Madeira Market. We resorted to traditional methods of carpentry and furniture fabric.","breadcrumb":{"@id":"https:\/\/www.mercadodamadeira.pt\/en\/livro-de-reclamacao\/#breadcrumb"},"inLanguage":"en-US","potentialAction":[{"@type":"ReadAction","target":["https:\/\/www.mercadodamadeira.pt\/en\/livro-de-reclamacao\/"]}]},{"@type":"BreadcrumbList","@id":"https:\/\/www.mercadodamadeira.pt\/en\/livro-de-reclamacao\/#breadcrumb","itemListElement":[{"@type":"ListItem","position":1,"name":"In\u00edcio","item":"https:\/\/www.mercadodamadeira.pt\/en\/"},{"@type":"ListItem","position":2,"name":"Complaints Book"}]},{"@type":"WebSite","@id":"https:\/\/www.mercadodamadeira.pt\/en\/#website","url":"https:\/\/www.mercadodamadeira.pt\/en\/","name":"Mercado da Madeira","description":"Valorizamos a Madeira","publisher":{"@id":"https:\/\/www.mercadodamadeira.pt\/en\/#organization"},"potentialAction":[{"@type":"SearchAction","target":{"@type":"EntryPoint","urlTemplate":"https:\/\/www.mercadodamadeira.pt\/en\/?s={search_term_string}"},"query-input":{"@type":"PropertyValueSpecification","valueRequired":true,"valueName":"search_term_string"}}],"inLanguage":"en-US"},{"@type":"Organization","@id":"https:\/\/www.mercadodamadeira.pt\/en\/#organization","name":"Mercado da Madeira - Valorizamos a Madeira - Loja Online - Capital do M\u00f3vel","url":"https:\/\/www.mercadodamadeira.pt\/en\/","logo":{"@type":"ImageObject","inLanguage":"en-US","@id":"https:\/\/www.mercadodamadeira.pt\/en\/#\/schema\/logo\/image\/","url":"https:\/\/www.mercadodamadeira.pt\/wp-content\/uploads\/2022\/01\/logomm_white.png","contentUrl":"https:\/\/www.mercadodamadeira.pt\/wp-content\/uploads\/2022\/01\/logomm_white.png","width":2253,"height":750,"caption":"Mercado da Madeira - Valorizamos a Madeira - Loja Online - Capital do M\u00f3vel"},"image":{"@id":"https:\/\/www.mercadodamadeira.pt\/en\/#\/schema\/logo\/image\/"},"sameAs":["https:\/\/www.facebook.com\/mercadodamadeira\/","https:\/\/www.instagram.com\/mercadodamadeira.pt\/","https:\/\/www.linkedin.com\/company\/mercado-da-madeira\/","https:\/\/www.pinterest.pt\/mercadodamadeira\/"]}]}},"_links":{"self":[{"href":"https:\/\/www.mercadodamadeira.pt\/en\/wp-json\/wp\/v2\/pages\/6361","targetHints":{"allow":["GET"]}}],"collection":[{"href":"https:\/\/www.mercadodamadeira.pt\/en\/wp-json\/wp\/v2\/pages"}],"about":[{"href":"https:\/\/www.mercadodamadeira.pt\/en\/wp-json\/wp\/v2\/types\/page"}],"author":[{"embeddable":true,"href":"https:\/\/www.mercadodamadeira.pt\/en\/wp-json\/wp\/v2\/users\/1"}],"replies":[{"embeddable":true,"href":"https:\/\/www.mercadodamadeira.pt\/en\/wp-json\/wp\/v2\/comments?post=6361"}],"version-history":[{"count":4,"href":"https:\/\/www.mercadodamadeira.pt\/en\/wp-json\/wp\/v2\/pages\/6361\/revisions"}],"predecessor-version":[{"id":6389,"href":"https:\/\/www.mercadodamadeira.pt\/en\/wp-json\/wp\/v2\/pages\/6361\/revisions\/6389"}],"wp:attachment":[{"href":"https:\/\/www.mercadodamadeira.pt\/en\/wp-json\/wp\/v2\/media?parent=6361"}],"curies":[{"name":"wp","href":"https:\/\/api.w.org\/{rel}","templated":true}]}}