{"id":6369,"date":"2022-04-01T13:57:41","date_gmt":"2022-04-01T13:57:41","guid":{"rendered":"https:\/\/www.mercadodamadeira.pt\/politica-de-cookies\/"},"modified":"2022-07-27T13:46:01","modified_gmt":"2022-07-27T13:46:01","slug":"politica-de-cookies","status":"publish","type":"page","link":"https:\/\/www.mercadodamadeira.pt\/en\/politica-de-cookies\/","title":{"rendered":"Cookies Policy"},"content":{"rendered":"\t\t<div data-elementor-type=\"wp-post\" data-elementor-id=\"6369\" class=\"elementor elementor-6369 elementor-2867\" data-elementor-post-type=\"page\">\n\t\t\t\t\t\t<section class=\"elementor-section elementor-top-section elementor-element elementor-element-aa64374 elementor-section-boxed elementor-section-height-default elementor-section-height-default\" data-id=\"aa64374\" data-element_type=\"section\" data-e-type=\"section\">\n\t\t\t\t\t\t<div class=\"elementor-container elementor-column-gap-default\">\n\t\t\t\t\t<div class=\"elementor-column elementor-col-100 elementor-top-column elementor-element elementor-element-6604e8b\" data-id=\"6604e8b\" data-element_type=\"column\" data-e-type=\"column\">\n\t\t\t<div class=\"elementor-column-wrap--6604e8b elementor-widget-wrap elementor-element-populated\">\n\t\t\t\t\t\t<div class=\"elementor-element elementor-element-b58d04f elementor-widget elementor-widget-text-editor\" data-id=\"b58d04f\" data-element_type=\"widget\" data-e-type=\"widget\" data-widget_type=\"text-editor.default\">\n\t\t\t\t\t\t\t\t\t<div class=\"entry-content\"><div class=\"elementor elementor-17471\" data-elementor-type=\"wp-page\" data-elementor-id=\"17471\" data-elementor-settings=\"[]\"><div class=\"elementor-section-wrap\"><section class=\"elementor-section elementor-top-section elementor-element elementor-element-65da999c elementor-section-boxed elementor-section-height-default elementor-section-height-default\" data-id=\"65da999c\" data-element_type=\"section\"><div class=\"elementor-container elementor-column-gap-default\"><div class=\"elementor-column elementor-col-100 elementor-top-column elementor-element elementor-element-2778fa8b\" data-id=\"2778fa8b\" data-element_type=\"column\"><div class=\"elementor-widget-wrap elementor-element-populated\"><div class=\"elementor-element elementor-element-4a43f377 elementor-widget elementor-widget-text-editor\" data-id=\"4a43f377\" data-element_type=\"widget\" data-widget_type=\"text-editor.default\"><div class=\"elementor-widget-container\"><p><strong>What are cookies?<\/strong><\/p><p>Cookies are small text files that a website places, when visited by the user, on his computer or mobile device through the internet browser. Placing cookies will help the website to recognise your device the next time you visit.<\/p><p>We use the term cookies in this policy to refer to all files that collect information in this way. Some cookies are essential to ensure the functionality provided, while others are aimed at improving performance and user experience. If you do not agree to their use, you should not continue to access our website after the cookie alert.<\/p><p>\u00a0<\/p><p><strong>What kind of cookies do we use?<\/strong><\/p><table width=\"987\"><thead><tr><td><p><strong>ORIGIN<\/strong><\/p><\/td><td><p><strong>COOKIE NAME <\/strong><\/p><\/td><td><p><strong>PROP\u00d3SITO<\/strong><\/p><\/td><td><p><strong>EXPIRE<\/strong><\/p><\/td><\/tr><\/thead><tbody><tr><td rowspan=\"5\" width=\"124\"><p><strong>Improch\u00e1<\/strong><\/p><\/td><td width=\"51\"><p><strong>PHPSESSID<\/strong><\/p><\/td><td width=\"421\"><p>It is used by PHP language to allow session variables to be stored on the web server. This cookie is essential for the website to function. When the browser is closed<\/p><\/td><td><p>When the browser is closed<\/p><\/td><\/tr><tr><td width=\"51\"><p><strong>allowCookies<\/strong><\/p><\/td><td width=\"421\"><p>Used to control user acceptance of the site&#8217;s cookie policy After 1 year<\/p><\/td><td><p>after 1 year<\/p><\/td><\/tr><tr><td width=\"51\"><p><strong>imporsession<\/strong><\/p><\/td><td width=\"421\"><p>Used to control the products added to the cart in the session<\/p><\/td><td><p>after 1 day<\/p><\/td><\/tr><tr><td width=\"51\"><p><strong>IC_pass<\/strong><\/p><\/td><td width=\"421\"><p>to store login information\u00a0\u00a0\u00a0\u00a0\u00a0\u00a0\u00a0\u00a0\u00a0\u00a0 Afterlogout<\/p><\/td><td><p>after logout<\/p><\/td><\/tr><tr><td width=\"51\"><p><strong>IC_user<\/strong><\/p><\/td><td width=\"421\"><p>to store login information\u00a0\u00a0\u00a0\u00a0\u00a0\u00a0\u00a0\u00a0\u00a0\u00a0 Afterlogout<\/p><\/td><td><p>after logout<\/p><\/td><\/tr><tr><td rowspan=\"3\" width=\"124\"><p><strong>Google<\/strong><strong><br \/>(<\/strong><strong>See more<\/strong><strong>)<\/strong><\/p><\/td><td width=\"51\"><p><strong>_ga<\/strong><\/p><\/td><td width=\"421\"><p>Used to distinguish users.<\/p><\/td><td><p>after 2 year<\/p><\/td><\/tr><tr><td width=\"51\"><p><strong>_gat<\/strong><\/p><\/td><td width=\"421\"><p>Used to speed up the order percentage.<\/p><\/td><td><p>after 1 minute<\/p><\/td><\/tr><tr><td width=\"51\"><p><strong>gid<\/strong><\/p><\/td><td width=\"421\"><p>Used to distinguish users.<\/p><\/td><td><p>after 1 day<\/p><\/td><\/tr><\/tbody><\/table><h4>2. Accepting\/refusing cookies<\/h4><p>You may. at any time. choose to accept or refuse the installation of cookies on your terminal by configuring the browser software.<\/p><p>2.1 If you accept cookies<\/p><p>Registering a cookie on your device depends on your will. You can freely express and modify your choice at any time using the options provided by your browser.<\/p><p>If you have accepted the recording of cookies on your device in the browser software that you use, the cookies embedded in the pages and content that you consult may be temporarily stored in a specific space on your device. In this location, they will only be readable by their issuer.<\/p><p><strong>2.2 What is the point of accepting cookies?<\/strong><\/p><p>When you visit the www.mercadodamadeira.pt website, these cookies will record certain information that is stored on your terminal. This information is used, in particular, to propose products based on the items you have already selected during your previous visits, and thus allow you to benefit from better navigation on our Site.<\/p><p><strong>2.3 If you refuse cookies<\/strong><\/p><p>When you refuse cookies, we nevertheless install a &#8220;refuse&#8221; cookie. This cookie allows us to memorise your choice so that we do not have to ask you on each visit whether you wish to accept or reject cookies.<\/p><p><strong>2.4 Configuring your browser<\/strong><\/p><p>Configuring cookie management depends on each browser and can be found in the help menu of your browser.<\/p><p><strong>In Internet Explorer<\/strong><\/p><p>To customise the cookie settings for a web page<\/p><p>In Internet Explorer, click on the Tools button and then Internet Options.<\/p><p>Click the Privacy tab, and then click Sites.<\/p><p>In the Website Address space, enter the full address (URL) of the webpage whose privacy settings you want to customize.<\/p><p>For example, http:\/\/www.microsoft.com.<\/p><p>To allow cookies from the specified webpage to be stored on your computer, click Allow. To prohibit cookies from logging cookies from the specified webpage on your computer, click Block.<\/p><p>Repeat steps 3 and 4 for each webpage you want to block or allow. When you&#8217;re done, click OK twice.<\/p><p><strong>In Safari<\/strong><\/p><p>Go to Preferences, click the Privacy panel, and then Manage Cookies.<\/p><p><strong>In Chrome<\/strong><\/p><p>Click on the Chrome menu that&#8217;s located on the browser toolbar.<\/p><p>Select Settings.<\/p><p>Click Show advanced settings.<\/p><p>In the &#8220;Privacy&#8221; section, click the Content settings button.<\/p><p>In the &#8220;Cookies&#8221; section, you can modify the following settings:<\/p><p>Delete cookies<\/p><p>Block cookies by default<\/p><p>Allow cookies by default<\/p><p>Make exceptions for cookies from specific websites or domains.<\/p><p><strong>In Firefox<\/strong><\/p><p>Click the Tools button and then click Options.<\/p><p>Click the Privacy tab.<\/p><p>Under History, select &#8220;Use custom history settings.\u201d<\/p><p>Check the box \u201caccept cookies\u201d and click on exceptions to choose which websites will or will not be allowed to install cookies on your terminal.<\/p><p><strong>In Opera<\/strong><\/p><p>Preferences &gt; Advanced &gt; Cookies<\/p><p>The cookie preferences allow you to control how Opera manages cookies. The default setting is to accept all cookies.<\/p><p><strong>Accept cookies<\/strong><\/p><p>&#8211; All cookies are accepted (default)<\/p><p>Accept cookies only from the site I visit<\/p><p>&#8211; Cookies from third parties, from a domain outside the one you are visiting, will be refused<\/p><p>Never accept cookies<\/p><p>&#8211; All cookies will be rejected<\/p><p><strong>Legal notice update<\/strong><\/p><p>Mercado da Madeira reserves the right to make any changes or corrections to this cookie notification. Please check this page regularly to review the information and see if there are any updates.<\/p><\/div><\/div><\/div><\/div><\/div><\/section><\/div><\/div><\/div>\t\t\t\t\t\t\t\t<\/div>\n\t\t\t\t\t<\/div>\n\t\t<\/div>\n\t\t\t\t\t<\/div>\n\t\t<\/section>\n\t\t\t\t<\/div>\n\t\t","protected":false},"excerpt":{"rendered":"<p>What are cookies? Cookies are small text files that a website places, when visited by the user, on his computer or mobile device through the internet browser. Placing cookies will help the website to recognise your device the next time you visit. We use the term cookies in this policy to refer to all files [&hellip;]<\/p>\n","protected":false},"author":1,"featured_media":0,"parent":0,"menu_order":0,"comment_status":"closed","ping_status":"closed","template":"","meta":{"_acf_changed":false,"footnotes":""},"class_list":["post-6369","page","type-page","status-publish","hentry"],"acf":[],"yoast_head":"<!-- This site is optimized with the Yoast SEO Premium plugin v26.2 (Yoast SEO v27.1.1) - https:\/\/yoast.com\/product\/yoast-seo-premium-wordpress\/ -->\n<title>Mercado da Madeira- We value wood - Online Store - Capital do M\u00f3vel<\/title>\n<meta name=\"description\" content=\"The concept of nature is present in the Madeira Market. We resorted to traditional methods of carpentry and furniture fabric.\" \/>\n<meta name=\"robots\" content=\"index, follow, max-snippet:-1, max-image-preview:large, max-video-preview:-1\" \/>\n<link rel=\"canonical\" href=\"https:\/\/www.mercadodamadeira.pt\/en\/politica-de-cookies\/\" \/>\n<meta property=\"og:locale\" content=\"en_US\" \/>\n<meta property=\"og:type\" content=\"article\" \/>\n<meta property=\"og:title\" content=\"Mercado da Madeira - Valorizamos a Madeira - Loja Online - Capital do M\u00f3vel\" \/>\n<meta property=\"og:description\" content=\"O conceito da natureza est\u00e1 presente no Mercado da Madeira. Recorremos a m\u00e9todos tradicionais de carpintaria e fabrico de m\u00f3veis.\" \/>\n<meta property=\"og:url\" content=\"https:\/\/www.mercadodamadeira.pt\/en\/politica-de-cookies\/\" \/>\n<meta property=\"og:site_name\" content=\"Mercado da Madeira\" \/>\n<meta property=\"article:publisher\" content=\"https:\/\/www.facebook.com\/mercadodamadeira\/\" \/>\n<meta property=\"article:modified_time\" content=\"2022-07-27T13:46:01+00:00\" \/>\n<meta property=\"og:image\" content=\"https:\/\/www.mercadodamadeira.pt\/wp-content\/uploads\/2022\/03\/3.jpg\" \/>\n\t<meta property=\"og:image:width\" content=\"2400\" \/>\n\t<meta property=\"og:image:height\" content=\"1088\" \/>\n\t<meta property=\"og:image:type\" content=\"image\/jpeg\" \/>\n<meta name=\"twitter:card\" content=\"summary_large_image\" \/>\n<meta name=\"twitter:label1\" content=\"Est. reading time\" \/>\n\t<meta name=\"twitter:data1\" content=\"7 minutes\" \/>\n<script type=\"application\/ld+json\" class=\"yoast-schema-graph\">{\"@context\":\"https:\/\/schema.org\",\"@graph\":[{\"@type\":\"WebPage\",\"@id\":\"https:\/\/www.mercadodamadeira.pt\/en\/politica-de-cookies\/\",\"url\":\"https:\/\/www.mercadodamadeira.pt\/en\/politica-de-cookies\/\",\"name\":\"Mercado da Madeira- We value wood - Online Store - Capital do M\u00f3vel\",\"isPartOf\":{\"@id\":\"https:\/\/www.mercadodamadeira.pt\/en\/#website\"},\"datePublished\":\"2022-04-01T13:57:41+00:00\",\"dateModified\":\"2022-07-27T13:46:01+00:00\",\"description\":\"The concept of nature is present in the Madeira Market. We resorted to traditional methods of carpentry and furniture fabric.\",\"breadcrumb\":{\"@id\":\"https:\/\/www.mercadodamadeira.pt\/en\/politica-de-cookies\/#breadcrumb\"},\"inLanguage\":\"en-US\",\"potentialAction\":[{\"@type\":\"ReadAction\",\"target\":[\"https:\/\/www.mercadodamadeira.pt\/en\/politica-de-cookies\/\"]}]},{\"@type\":\"BreadcrumbList\",\"@id\":\"https:\/\/www.mercadodamadeira.pt\/en\/politica-de-cookies\/#breadcrumb\",\"itemListElement\":[{\"@type\":\"ListItem\",\"position\":1,\"name\":\"In\u00edcio\",\"item\":\"https:\/\/www.mercadodamadeira.pt\/en\/\"},{\"@type\":\"ListItem\",\"position\":2,\"name\":\"Cookies Policy\"}]},{\"@type\":\"WebSite\",\"@id\":\"https:\/\/www.mercadodamadeira.pt\/en\/#website\",\"url\":\"https:\/\/www.mercadodamadeira.pt\/en\/\",\"name\":\"Mercado da Madeira\",\"description\":\"Valorizamos a Madeira\",\"publisher\":{\"@id\":\"https:\/\/www.mercadodamadeira.pt\/en\/#organization\"},\"potentialAction\":[{\"@type\":\"SearchAction\",\"target\":{\"@type\":\"EntryPoint\",\"urlTemplate\":\"https:\/\/www.mercadodamadeira.pt\/en\/?s={search_term_string}\"},\"query-input\":{\"@type\":\"PropertyValueSpecification\",\"valueRequired\":true,\"valueName\":\"search_term_string\"}}],\"inLanguage\":\"en-US\"},{\"@type\":\"Organization\",\"@id\":\"https:\/\/www.mercadodamadeira.pt\/en\/#organization\",\"name\":\"Mercado da Madeira - Valorizamos a Madeira - Loja Online - Capital do M\u00f3vel\",\"url\":\"https:\/\/www.mercadodamadeira.pt\/en\/\",\"logo\":{\"@type\":\"ImageObject\",\"inLanguage\":\"en-US\",\"@id\":\"https:\/\/www.mercadodamadeira.pt\/en\/#\/schema\/logo\/image\/\",\"url\":\"https:\/\/www.mercadodamadeira.pt\/wp-content\/uploads\/2022\/01\/logomm_white.png\",\"contentUrl\":\"https:\/\/www.mercadodamadeira.pt\/wp-content\/uploads\/2022\/01\/logomm_white.png\",\"width\":2253,\"height\":750,\"caption\":\"Mercado da Madeira - Valorizamos a Madeira - Loja Online - Capital do M\u00f3vel\"},\"image\":{\"@id\":\"https:\/\/www.mercadodamadeira.pt\/en\/#\/schema\/logo\/image\/\"},\"sameAs\":[\"https:\/\/www.facebook.com\/mercadodamadeira\/\",\"https:\/\/www.instagram.com\/mercadodamadeira.pt\/\",\"https:\/\/www.linkedin.com\/company\/mercado-da-madeira\/\",\"https:\/\/www.pinterest.pt\/mercadodamadeira\/\"]}]}<\/script>\n<!-- \/ Yoast SEO Premium plugin. -->","yoast_head_json":{"title":"Mercado da Madeira- We value wood - Online Store - Capital do M\u00f3vel","description":"The concept of nature is present in the Madeira Market. We resorted to traditional methods of carpentry and furniture fabric.","robots":{"index":"index","follow":"follow","max-snippet":"max-snippet:-1","max-image-preview":"max-image-preview:large","max-video-preview":"max-video-preview:-1"},"canonical":"https:\/\/www.mercadodamadeira.pt\/en\/politica-de-cookies\/","og_locale":"en_US","og_type":"article","og_title":"Mercado da Madeira - Valorizamos a Madeira - Loja Online - Capital do M\u00f3vel","og_description":"O conceito da natureza est\u00e1 presente no Mercado da Madeira. Recorremos a m\u00e9todos tradicionais de carpintaria e fabrico de m\u00f3veis.","og_url":"https:\/\/www.mercadodamadeira.pt\/en\/politica-de-cookies\/","og_site_name":"Mercado da Madeira","article_publisher":"https:\/\/www.facebook.com\/mercadodamadeira\/","article_modified_time":"2022-07-27T13:46:01+00:00","og_image":[{"width":2400,"height":1088,"url":"https:\/\/www.mercadodamadeira.pt\/wp-content\/uploads\/2022\/03\/3.jpg","type":"image\/jpeg"}],"twitter_card":"summary_large_image","twitter_misc":{"Est. reading time":"7 minutes"},"schema":{"@context":"https:\/\/schema.org","@graph":[{"@type":"WebPage","@id":"https:\/\/www.mercadodamadeira.pt\/en\/politica-de-cookies\/","url":"https:\/\/www.mercadodamadeira.pt\/en\/politica-de-cookies\/","name":"Mercado da Madeira- We value wood - Online Store - Capital do M\u00f3vel","isPartOf":{"@id":"https:\/\/www.mercadodamadeira.pt\/en\/#website"},"datePublished":"2022-04-01T13:57:41+00:00","dateModified":"2022-07-27T13:46:01+00:00","description":"The concept of nature is present in the Madeira Market. We resorted to traditional methods of carpentry and furniture fabric.","breadcrumb":{"@id":"https:\/\/www.mercadodamadeira.pt\/en\/politica-de-cookies\/#breadcrumb"},"inLanguage":"en-US","potentialAction":[{"@type":"ReadAction","target":["https:\/\/www.mercadodamadeira.pt\/en\/politica-de-cookies\/"]}]},{"@type":"BreadcrumbList","@id":"https:\/\/www.mercadodamadeira.pt\/en\/politica-de-cookies\/#breadcrumb","itemListElement":[{"@type":"ListItem","position":1,"name":"In\u00edcio","item":"https:\/\/www.mercadodamadeira.pt\/en\/"},{"@type":"ListItem","position":2,"name":"Cookies Policy"}]},{"@type":"WebSite","@id":"https:\/\/www.mercadodamadeira.pt\/en\/#website","url":"https:\/\/www.mercadodamadeira.pt\/en\/","name":"Mercado da Madeira","description":"Valorizamos a Madeira","publisher":{"@id":"https:\/\/www.mercadodamadeira.pt\/en\/#organization"},"potentialAction":[{"@type":"SearchAction","target":{"@type":"EntryPoint","urlTemplate":"https:\/\/www.mercadodamadeira.pt\/en\/?s={search_term_string}"},"query-input":{"@type":"PropertyValueSpecification","valueRequired":true,"valueName":"search_term_string"}}],"inLanguage":"en-US"},{"@type":"Organization","@id":"https:\/\/www.mercadodamadeira.pt\/en\/#organization","name":"Mercado da Madeira - Valorizamos a Madeira - Loja Online - Capital do M\u00f3vel","url":"https:\/\/www.mercadodamadeira.pt\/en\/","logo":{"@type":"ImageObject","inLanguage":"en-US","@id":"https:\/\/www.mercadodamadeira.pt\/en\/#\/schema\/logo\/image\/","url":"https:\/\/www.mercadodamadeira.pt\/wp-content\/uploads\/2022\/01\/logomm_white.png","contentUrl":"https:\/\/www.mercadodamadeira.pt\/wp-content\/uploads\/2022\/01\/logomm_white.png","width":2253,"height":750,"caption":"Mercado da Madeira - Valorizamos a Madeira - Loja Online - Capital do M\u00f3vel"},"image":{"@id":"https:\/\/www.mercadodamadeira.pt\/en\/#\/schema\/logo\/image\/"},"sameAs":["https:\/\/www.facebook.com\/mercadodamadeira\/","https:\/\/www.instagram.com\/mercadodamadeira.pt\/","https:\/\/www.linkedin.com\/company\/mercado-da-madeira\/","https:\/\/www.pinterest.pt\/mercadodamadeira\/"]}]}},"_links":{"self":[{"href":"https:\/\/www.mercadodamadeira.pt\/en\/wp-json\/wp\/v2\/pages\/6369","targetHints":{"allow":["GET"]}}],"collection":[{"href":"https:\/\/www.mercadodamadeira.pt\/en\/wp-json\/wp\/v2\/pages"}],"about":[{"href":"https:\/\/www.mercadodamadeira.pt\/en\/wp-json\/wp\/v2\/types\/page"}],"author":[{"embeddable":true,"href":"https:\/\/www.mercadodamadeira.pt\/en\/wp-json\/wp\/v2\/users\/1"}],"replies":[{"embeddable":true,"href":"https:\/\/www.mercadodamadeira.pt\/en\/wp-json\/wp\/v2\/comments?post=6369"}],"version-history":[{"count":7,"href":"https:\/\/www.mercadodamadeira.pt\/en\/wp-json\/wp\/v2\/pages\/6369\/revisions"}],"predecessor-version":[{"id":7113,"href":"https:\/\/www.mercadodamadeira.pt\/en\/wp-json\/wp\/v2\/pages\/6369\/revisions\/7113"}],"wp:attachment":[{"href":"https:\/\/www.mercadodamadeira.pt\/en\/wp-json\/wp\/v2\/media?parent=6369"}],"curies":[{"name":"wp","href":"https:\/\/api.w.org\/{rel}","templated":true}]}}