{"id":6373,"date":"2022-04-08T18:37:39","date_gmt":"2022-04-08T18:37:39","guid":{"rendered":"https:\/\/www.mercadodamadeira.pt\/seja-nosso-revendedor\/"},"modified":"2022-10-19T22:22:55","modified_gmt":"2022-10-19T22:22:55","slug":"seja-nosso-revendedor","status":"publish","type":"page","link":"https:\/\/www.mercadodamadeira.pt\/en\/seja-nosso-revendedor\/","title":{"rendered":"Become a reseller"},"content":{"rendered":"\t\t<div data-elementor-type=\"wp-post\" data-elementor-id=\"6373\" class=\"elementor elementor-6373 elementor-4796\" data-elementor-post-type=\"page\">\n\t\t\t\t\t\t<section class=\"elementor-section elementor-top-section elementor-element elementor-element-d313e25 elementor-section-boxed elementor-section-height-default elementor-section-height-default\" data-id=\"d313e25\" data-element_type=\"section\" data-e-type=\"section\">\n\t\t\t\t\t\t<div class=\"elementor-container elementor-column-gap-default\">\n\t\t\t\t\t<div class=\"elementor-column elementor-col-100 elementor-top-column elementor-element elementor-element-08b5b07\" data-id=\"08b5b07\" data-element_type=\"column\" data-e-type=\"column\">\n\t\t\t<div class=\"elementor-column-wrap--08b5b07 elementor-widget-wrap elementor-element-populated\">\n\t\t\t\t\t\t<div class=\"elementor-element elementor-element-d937d63 elementor-widget elementor-widget-heading\" data-id=\"d937d63\" data-element_type=\"widget\" data-e-type=\"widget\" data-widget_type=\"heading.default\">\n\t\t\t\t\t<h1 class=\"elementor-heading-title elementor-size-default\">Become a reseller<\/h1>\t\t\t\t<\/div>\n\t\t\t\t\t<\/div>\n\t\t<\/div>\n\t\t\t\t\t<\/div>\n\t\t<\/section>\n\t\t\t\t<section class=\"elementor-section elementor-top-section elementor-element elementor-element-1394d78 elementor-section-boxed elementor-section-height-default elementor-section-height-default\" data-id=\"1394d78\" data-element_type=\"section\" data-e-type=\"section\">\n\t\t\t\t\t\t<div class=\"elementor-container elementor-column-gap-default\">\n\t\t\t\t\t<div class=\"elementor-column elementor-col-50 elementor-top-column elementor-element elementor-element-37eb060\" data-id=\"37eb060\" data-element_type=\"column\" data-e-type=\"column\">\n\t\t\t<div class=\"elementor-column-wrap--37eb060 elementor-widget-wrap elementor-element-populated\">\n\t\t\t\t\t\t<div class=\"elementor-element elementor-element-76b6e58 elementor-widget elementor-widget-text-editor\" data-id=\"76b6e58\" data-element_type=\"widget\" data-e-type=\"widget\" data-widget_type=\"text-editor.default\">\n\t\t\t\t\t\t\t\t\t<div class=\"cl-xs-24 cl-lg-12 m20-rb\">\n<p>For our partners<\/p>\n<p class=\"fsp20-r cg20-t\">We are loyal to our partners, who with us promote the Mercado da <b>Madeira brand<\/b><\/p>\n<p class=\"fsp20-r cg20-t\">Customers can easily and clearly buy their products in a complete catalogue, thanks to the various technologies and tools inserted in our website.<\/p>\n<p class=\"fsp20-r cg20-t\"><span style=\"color: #ff0000;\"> <\/span><\/p>\n<h2 class=\"fsh40-r ff-m res-ma p15-sb\">Why join to Mercado da Madeira<\/h2>\n<div>\n<div class=\"fxg-b fxg-ai--center m20-rb benefits--flex-wrapper-first\">\n<ul>\n<li class=\"cg20-t p15-sv benefits--text\">Offer a unique and excellent product <\/li>\n<li class=\"cg20-t p15-sv benefits--text\">Exclusive access to special prices and campaigns<\/li>\n<li class=\"cg20-t p15-sv benefits--text\">Proximity and support in purchasing and managing orders.<\/li>\n<\/ul>\n<\/div>\n<\/div>\n<p class=\"fsp20-r cg20-t\">\n<\/div>\n\t\t\t\t\t\t\t\t<\/div>\n\t\t\t\t\t<\/div>\n\t\t<\/div>\n\t\t\t\t<div class=\"elementor-column elementor-col-50 elementor-top-column elementor-element elementor-element-af6520d\" data-id=\"af6520d\" data-element_type=\"column\" data-e-type=\"column\">\n\t\t\t<div class=\"elementor-column-wrap--af6520d elementor-widget-wrap elementor-element-populated\">\n\t\t\t\t\t\t<div class=\"elementor-element elementor-element-ad9191d elementor-widget elementor-widget-reycore-cf7\" data-id=\"ad9191d\" data-element_type=\"widget\" data-e-type=\"widget\" data-widget_type=\"reycore-cf7.default\">\n\t\t\t\t<div class=\"elementor-widget-container\">\n\t\t\t\t\t\t\t<div class=\"rey-element rey-cf7\">\n\t\t\t\n<div class=\"wpcf7 no-js\" id=\"wpcf7-f7668-o1\" lang=\"pt-PT\" dir=\"ltr\" data-wpcf7-id=\"7668\">\n<div class=\"screen-reader-response\"><p role=\"status\" aria-live=\"polite\" aria-atomic=\"true\"><\/p> <ul><\/ul><\/div>\n<form action=\"\/en\/wp-json\/wp\/v2\/pages\/6373#wpcf7-f7668-o1\" method=\"post\" class=\"wpcf7-form init rey-cf7--basic\" aria-label=\"Contact form\" novalidate=\"novalidate\" data-status=\"init\">\n<fieldset class=\"hidden-fields-container\"><input type=\"hidden\" name=\"_wpcf7\" value=\"7668\" \/><input type=\"hidden\" name=\"_wpcf7_version\" value=\"6.1.5\" \/><input type=\"hidden\" name=\"_wpcf7_locale\" value=\"pt_PT\" \/><input type=\"hidden\" name=\"_wpcf7_unit_tag\" value=\"wpcf7-f7668-o1\" \/><input type=\"hidden\" name=\"_wpcf7_container_post\" value=\"0\" \/><input type=\"hidden\" name=\"_wpcf7_posted_data_hash\" value=\"\" \/>\n<\/fieldset>\n<p><label>First and Last Name*<\/label><br \/>\n<span class=\"wpcf7-form-control-wrap\" data-name=\"your-name\"><input size=\"40\" maxlength=\"400\" class=\"wpcf7-form-control wpcf7-text wpcf7-validates-as-required\" aria-required=\"true\" aria-invalid=\"false\" value=\"\" type=\"text\" name=\"your-name\" \/><\/span><br \/>\n<label>Company Name*<\/label><br \/>\n<span class=\"wpcf7-form-control-wrap\" data-name=\"your-company\"><input size=\"40\" maxlength=\"400\" class=\"wpcf7-form-control wpcf7-text wpcf7-validates-as-required\" aria-required=\"true\" aria-invalid=\"false\" value=\"\" type=\"text\" name=\"your-company\" \/><\/span><br \/>\n<label>VAT NUMBER*<\/label><br \/>\n<span class=\"wpcf7-form-control-wrap\" data-name=\"nif\"><input size=\"40\" maxlength=\"400\" class=\"wpcf7-form-control wpcf7-text wpcf7-validates-as-required\" aria-required=\"true\" aria-invalid=\"false\" value=\"\" type=\"text\" name=\"nif\" \/><\/span><br \/>\n<label>City*<\/label><br \/>\n<span class=\"wpcf7-form-control-wrap\" data-name=\"your-name\"><input size=\"40\" maxlength=\"400\" class=\"wpcf7-form-control wpcf7-text wpcf7-validates-as-required\" aria-required=\"true\" aria-invalid=\"false\" value=\"\" type=\"text\" name=\"your-name\" \/><\/span><br \/>\n<label>Email*<\/label><br \/>\n<span class=\"wpcf7-form-control-wrap\" data-name=\"your-email\"><input size=\"40\" maxlength=\"400\" class=\"wpcf7-form-control wpcf7-email wpcf7-validates-as-required wpcf7-text wpcf7-validates-as-email\" aria-required=\"true\" aria-invalid=\"false\" value=\"\" type=\"email\" name=\"your-email\" \/><\/span><br \/>\n<label>Telephone Number*<\/label><br \/>\n<span class=\"wpcf7-form-control-wrap\" data-name=\"tel-768\"><input size=\"40\" maxlength=\"400\" class=\"wpcf7-form-control wpcf7-tel wpcf7-validates-as-required wpcf7-text wpcf7-validates-as-tel\" aria-required=\"true\" aria-invalid=\"false\" value=\"\" type=\"tel\" name=\"tel-768\" \/><\/span><br \/>\n<label> Means by which you wish to be contacted*<\/label><br \/>\n<span class=\"wpcf7-form-control-wrap\" data-name=\"Prefernciadecontacto\"><span class=\"wpcf7-form-control wpcf7-radio\"><span class=\"wpcf7-list-item first\"><label><input type=\"radio\" name=\"Prefernciadecontacto\" value=\"Phone\" checked=\"checked\" \/><span class=\"wpcf7-list-item-label\">Phone<\/span><\/label><\/span><span class=\"wpcf7-list-item\"><label><input type=\"radio\" name=\"Prefernciadecontacto\" value=\"Email\" \/><span class=\"wpcf7-list-item-label\">Email<\/span><\/label><\/span><span class=\"wpcf7-list-item last\"><label><input type=\"radio\" name=\"Prefernciadecontacto\" value=\"WhatsApp\" \/><span class=\"wpcf7-list-item-label\">WhatsApp<\/span><\/label><\/span><\/span><\/span><br \/>\n<label> Your message<\/label><br \/>\n<span class=\"wpcf7-form-control-wrap\" data-name=\"Mensagem\"><textarea cols=\"40\" rows=\"10\" maxlength=\"2000\" class=\"wpcf7-form-control wpcf7-textarea\" aria-invalid=\"false\" name=\"Mensagem\"><\/textarea><\/span><br \/>\n<span class=\"wpcf7-form-control-wrap\" data-name=\"acceptance-134\"><span class=\"wpcf7-form-control wpcf7-acceptance optional\"><span class=\"wpcf7-list-item\"><label><input type=\"checkbox\" name=\"acceptance-134\" value=\"1\" aria-invalid=\"false\" \/><span class=\"wpcf7-list-item-label\">Ao submeter est\u00e1 a aceitar a nossa Pol\u00edtica de Privacidade<\/span><\/label><\/span><\/span><\/span>\n<\/p>\n<p><input class=\"wpcf7-form-control wpcf7-submit has-spinner btn btn-primary\" type=\"submit\" value=\"Send\" \/>\n<\/p><div class=\"wpcf7-response-output\" aria-hidden=\"true\"><\/div>\n<\/form>\n<\/div>\n\t\t<\/div>\n\t\t\t\t\t\t<\/div>\n\t\t\t\t<\/div>\n\t\t\t\t\t<\/div>\n\t\t<\/div>\n\t\t\t\t\t<\/div>\n\t\t<\/section>\n\t\t\t\t<\/div>\n\t\t","protected":false},"excerpt":{"rendered":"<p>Become a reseller For our partners We are loyal to our partners, who with us promote the Mercado da Madeira brand Customers can easily and clearly buy their products in a complete catalogue, thanks to the various technologies and tools inserted in our website. Why join to Mercado da Madeira Offer a unique and excellent [&hellip;]<\/p>\n","protected":false},"author":1,"featured_media":0,"parent":0,"menu_order":0,"comment_status":"closed","ping_status":"closed","template":"template-builder.php","meta":{"_acf_changed":false,"footnotes":""},"class_list":["post-6373","page","type-page","status-publish","hentry"],"acf":[],"yoast_head":"<!-- This site is optimized with the Yoast SEO Premium plugin v26.2 (Yoast SEO v27.1.1) - https:\/\/yoast.com\/product\/yoast-seo-premium-wordpress\/ -->\n<title>Mercado da Madeira- We value wood - Online Store - Capital do M\u00f3vel<\/title>\n<meta name=\"description\" content=\"The concept of nature is present in the Madeira Market. We resorted to traditional methods of carpentry and furniture fabric.\" \/>\n<meta name=\"robots\" content=\"index, follow, max-snippet:-1, max-image-preview:large, max-video-preview:-1\" \/>\n<link rel=\"canonical\" href=\"https:\/\/www.mercadodamadeira.pt\/en\/seja-nosso-revendedor\/\" \/>\n<meta property=\"og:locale\" content=\"en_US\" \/>\n<meta property=\"og:type\" content=\"article\" \/>\n<meta property=\"og:title\" content=\"Mercado da Madeira - Valorizamos a Madeira - Loja Online - Capital do M\u00f3vel\" \/>\n<meta property=\"og:description\" content=\"O conceito da natureza est\u00e1 presente no Mercado da Madeira. Recorremos a m\u00e9todos tradicionais de carpintaria e fabrico de m\u00f3veis.\" \/>\n<meta property=\"og:url\" content=\"https:\/\/www.mercadodamadeira.pt\/en\/seja-nosso-revendedor\/\" \/>\n<meta property=\"og:site_name\" content=\"Mercado da Madeira\" \/>\n<meta property=\"article:publisher\" content=\"https:\/\/www.facebook.com\/mercadodamadeira\/\" \/>\n<meta property=\"article:modified_time\" content=\"2022-10-19T22:22:55+00:00\" \/>\n<meta property=\"og:image\" content=\"https:\/\/www.mercadodamadeira.pt\/wp-content\/uploads\/2022\/03\/3.jpg\" \/>\n\t<meta property=\"og:image:width\" content=\"2400\" \/>\n\t<meta property=\"og:image:height\" content=\"1088\" \/>\n\t<meta property=\"og:image:type\" content=\"image\/jpeg\" \/>\n<meta name=\"twitter:card\" content=\"summary_large_image\" \/>\n<meta name=\"twitter:label1\" content=\"Est. reading time\" \/>\n\t<meta name=\"twitter:data1\" content=\"1 minute\" \/>\n<script type=\"application\/ld+json\" class=\"yoast-schema-graph\">{\"@context\":\"https:\/\/schema.org\",\"@graph\":[{\"@type\":\"WebPage\",\"@id\":\"https:\/\/www.mercadodamadeira.pt\/en\/seja-nosso-revendedor\/\",\"url\":\"https:\/\/www.mercadodamadeira.pt\/en\/seja-nosso-revendedor\/\",\"name\":\"Mercado da Madeira- We value wood - Online Store - Capital do M\u00f3vel\",\"isPartOf\":{\"@id\":\"https:\/\/www.mercadodamadeira.pt\/en\/#website\"},\"datePublished\":\"2022-04-08T18:37:39+00:00\",\"dateModified\":\"2022-10-19T22:22:55+00:00\",\"description\":\"The concept of nature is present in the Madeira Market. We resorted to traditional methods of carpentry and furniture fabric.\",\"breadcrumb\":{\"@id\":\"https:\/\/www.mercadodamadeira.pt\/en\/seja-nosso-revendedor\/#breadcrumb\"},\"inLanguage\":\"en-US\",\"potentialAction\":[{\"@type\":\"ReadAction\",\"target\":[\"https:\/\/www.mercadodamadeira.pt\/en\/seja-nosso-revendedor\/\"]}]},{\"@type\":\"BreadcrumbList\",\"@id\":\"https:\/\/www.mercadodamadeira.pt\/en\/seja-nosso-revendedor\/#breadcrumb\",\"itemListElement\":[{\"@type\":\"ListItem\",\"position\":1,\"name\":\"In\u00edcio\",\"item\":\"https:\/\/www.mercadodamadeira.pt\/en\/\"},{\"@type\":\"ListItem\",\"position\":2,\"name\":\"Become a reseller\"}]},{\"@type\":\"WebSite\",\"@id\":\"https:\/\/www.mercadodamadeira.pt\/en\/#website\",\"url\":\"https:\/\/www.mercadodamadeira.pt\/en\/\",\"name\":\"Mercado da Madeira\",\"description\":\"Valorizamos a Madeira\",\"publisher\":{\"@id\":\"https:\/\/www.mercadodamadeira.pt\/en\/#organization\"},\"potentialAction\":[{\"@type\":\"SearchAction\",\"target\":{\"@type\":\"EntryPoint\",\"urlTemplate\":\"https:\/\/www.mercadodamadeira.pt\/en\/?s={search_term_string}\"},\"query-input\":{\"@type\":\"PropertyValueSpecification\",\"valueRequired\":true,\"valueName\":\"search_term_string\"}}],\"inLanguage\":\"en-US\"},{\"@type\":\"Organization\",\"@id\":\"https:\/\/www.mercadodamadeira.pt\/en\/#organization\",\"name\":\"Mercado da Madeira - Valorizamos a Madeira - Loja Online - Capital do M\u00f3vel\",\"url\":\"https:\/\/www.mercadodamadeira.pt\/en\/\",\"logo\":{\"@type\":\"ImageObject\",\"inLanguage\":\"en-US\",\"@id\":\"https:\/\/www.mercadodamadeira.pt\/en\/#\/schema\/logo\/image\/\",\"url\":\"https:\/\/www.mercadodamadeira.pt\/wp-content\/uploads\/2022\/01\/logomm_white.png\",\"contentUrl\":\"https:\/\/www.mercadodamadeira.pt\/wp-content\/uploads\/2022\/01\/logomm_white.png\",\"width\":2253,\"height\":750,\"caption\":\"Mercado da Madeira - Valorizamos a Madeira - Loja Online - Capital do M\u00f3vel\"},\"image\":{\"@id\":\"https:\/\/www.mercadodamadeira.pt\/en\/#\/schema\/logo\/image\/\"},\"sameAs\":[\"https:\/\/www.facebook.com\/mercadodamadeira\/\",\"https:\/\/www.instagram.com\/mercadodamadeira.pt\/\",\"https:\/\/www.linkedin.com\/company\/mercado-da-madeira\/\",\"https:\/\/www.pinterest.pt\/mercadodamadeira\/\"]}]}<\/script>\n<!-- \/ Yoast SEO Premium plugin. -->","yoast_head_json":{"title":"Mercado da Madeira- We value wood - Online Store - Capital do M\u00f3vel","description":"The concept of nature is present in the Madeira Market. We resorted to traditional methods of carpentry and furniture fabric.","robots":{"index":"index","follow":"follow","max-snippet":"max-snippet:-1","max-image-preview":"max-image-preview:large","max-video-preview":"max-video-preview:-1"},"canonical":"https:\/\/www.mercadodamadeira.pt\/en\/seja-nosso-revendedor\/","og_locale":"en_US","og_type":"article","og_title":"Mercado da Madeira - Valorizamos a Madeira - Loja Online - Capital do M\u00f3vel","og_description":"O conceito da natureza est\u00e1 presente no Mercado da Madeira. Recorremos a m\u00e9todos tradicionais de carpintaria e fabrico de m\u00f3veis.","og_url":"https:\/\/www.mercadodamadeira.pt\/en\/seja-nosso-revendedor\/","og_site_name":"Mercado da Madeira","article_publisher":"https:\/\/www.facebook.com\/mercadodamadeira\/","article_modified_time":"2022-10-19T22:22:55+00:00","og_image":[{"width":2400,"height":1088,"url":"https:\/\/www.mercadodamadeira.pt\/wp-content\/uploads\/2022\/03\/3.jpg","type":"image\/jpeg"}],"twitter_card":"summary_large_image","twitter_misc":{"Est. reading time":"1 minute"},"schema":{"@context":"https:\/\/schema.org","@graph":[{"@type":"WebPage","@id":"https:\/\/www.mercadodamadeira.pt\/en\/seja-nosso-revendedor\/","url":"https:\/\/www.mercadodamadeira.pt\/en\/seja-nosso-revendedor\/","name":"Mercado da Madeira- We value wood - Online Store - Capital do M\u00f3vel","isPartOf":{"@id":"https:\/\/www.mercadodamadeira.pt\/en\/#website"},"datePublished":"2022-04-08T18:37:39+00:00","dateModified":"2022-10-19T22:22:55+00:00","description":"The concept of nature is present in the Madeira Market. We resorted to traditional methods of carpentry and furniture fabric.","breadcrumb":{"@id":"https:\/\/www.mercadodamadeira.pt\/en\/seja-nosso-revendedor\/#breadcrumb"},"inLanguage":"en-US","potentialAction":[{"@type":"ReadAction","target":["https:\/\/www.mercadodamadeira.pt\/en\/seja-nosso-revendedor\/"]}]},{"@type":"BreadcrumbList","@id":"https:\/\/www.mercadodamadeira.pt\/en\/seja-nosso-revendedor\/#breadcrumb","itemListElement":[{"@type":"ListItem","position":1,"name":"In\u00edcio","item":"https:\/\/www.mercadodamadeira.pt\/en\/"},{"@type":"ListItem","position":2,"name":"Become a reseller"}]},{"@type":"WebSite","@id":"https:\/\/www.mercadodamadeira.pt\/en\/#website","url":"https:\/\/www.mercadodamadeira.pt\/en\/","name":"Mercado da Madeira","description":"Valorizamos a Madeira","publisher":{"@id":"https:\/\/www.mercadodamadeira.pt\/en\/#organization"},"potentialAction":[{"@type":"SearchAction","target":{"@type":"EntryPoint","urlTemplate":"https:\/\/www.mercadodamadeira.pt\/en\/?s={search_term_string}"},"query-input":{"@type":"PropertyValueSpecification","valueRequired":true,"valueName":"search_term_string"}}],"inLanguage":"en-US"},{"@type":"Organization","@id":"https:\/\/www.mercadodamadeira.pt\/en\/#organization","name":"Mercado da Madeira - Valorizamos a Madeira - Loja Online - Capital do M\u00f3vel","url":"https:\/\/www.mercadodamadeira.pt\/en\/","logo":{"@type":"ImageObject","inLanguage":"en-US","@id":"https:\/\/www.mercadodamadeira.pt\/en\/#\/schema\/logo\/image\/","url":"https:\/\/www.mercadodamadeira.pt\/wp-content\/uploads\/2022\/01\/logomm_white.png","contentUrl":"https:\/\/www.mercadodamadeira.pt\/wp-content\/uploads\/2022\/01\/logomm_white.png","width":2253,"height":750,"caption":"Mercado da Madeira - Valorizamos a Madeira - Loja Online - Capital do M\u00f3vel"},"image":{"@id":"https:\/\/www.mercadodamadeira.pt\/en\/#\/schema\/logo\/image\/"},"sameAs":["https:\/\/www.facebook.com\/mercadodamadeira\/","https:\/\/www.instagram.com\/mercadodamadeira.pt\/","https:\/\/www.linkedin.com\/company\/mercado-da-madeira\/","https:\/\/www.pinterest.pt\/mercadodamadeira\/"]}]}},"_links":{"self":[{"href":"https:\/\/www.mercadodamadeira.pt\/en\/wp-json\/wp\/v2\/pages\/6373","targetHints":{"allow":["GET"]}}],"collection":[{"href":"https:\/\/www.mercadodamadeira.pt\/en\/wp-json\/wp\/v2\/pages"}],"about":[{"href":"https:\/\/www.mercadodamadeira.pt\/en\/wp-json\/wp\/v2\/types\/page"}],"author":[{"embeddable":true,"href":"https:\/\/www.mercadodamadeira.pt\/en\/wp-json\/wp\/v2\/users\/1"}],"replies":[{"embeddable":true,"href":"https:\/\/www.mercadodamadeira.pt\/en\/wp-json\/wp\/v2\/comments?post=6373"}],"version-history":[{"count":9,"href":"https:\/\/www.mercadodamadeira.pt\/en\/wp-json\/wp\/v2\/pages\/6373\/revisions"}],"predecessor-version":[{"id":7673,"href":"https:\/\/www.mercadodamadeira.pt\/en\/wp-json\/wp\/v2\/pages\/6373\/revisions\/7673"}],"wp:attachment":[{"href":"https:\/\/www.mercadodamadeira.pt\/en\/wp-json\/wp\/v2\/media?parent=6373"}],"curies":[{"name":"wp","href":"https:\/\/api.w.org\/{rel}","templated":true}]}}